{"id":3078,"date":"2023-12-20T21:43:26","date_gmt":"2023-12-20T21:43:26","guid":{"rendered":"https:\/\/sportcardexpomontreal.com\/?page_id=3078"},"modified":"2026-03-21T13:09:24","modified_gmt":"2026-03-21T17:09:24","slug":"hotels","status":"publish","type":"page","link":"https:\/\/sportcardexpomontreal.com\/fr\/hotels\/","title":{"rendered":"H\u00d4TELS"},"content":{"rendered":"<p>[et_pb_section fb_built=\u00a0\u00bb1&Prime; _builder_version=\u00a0\u00bb4.27.4&Prime; _module_preset=\u00a0\u00bbdefault\u00a0\u00bb background_color=\u00a0\u00bbgcid-ed8eed66-a3ae-453e-9331-d18498e5e076&Prime; global_colors_info=\u00a0\u00bb{%22gcid-ed8eed66-a3ae-453e-9331-d18498e5e076%22:%91%22background_color%22%93}\u00a0\u00bb][et_pb_row _builder_version=\u00a0\u00bb4.27.4&Prime; _module_preset=\u00a0\u00bbdefault\u00a0\u00bb z_index=\u00a0\u00bb2&Prime; global_colors_info=\u00a0\u00bb{}\u00a0\u00bb][et_pb_column type=\u00a0\u00bb4_4&Prime; _builder_version=\u00a0\u00bb4.27.4&Prime; _module_preset=\u00a0\u00bbdefault\u00a0\u00bb global_colors_info=\u00a0\u00bb{}\u00a0\u00bb][et_pb_text module_class=\u00a0\u00bbtext-xl\u00a0\u00bb _builder_version=\u00a0\u00bb4.27.4&Prime; _module_preset=\u00a0\u00bbc1b80eef-5672-44a8-b79d-60392169c7a5&Prime; text_text_color=\u00a0\u00bb#FFFFFF\u00a0\u00bb header_2_text_align=\u00a0\u00bbleft\u00a0\u00bb header_2_text_color=\u00a0\u00bbgcid-66741a43-8afb-4c44-a8dd-ad3ad2082280&Prime; max_width=\u00a0\u00bb706px\u00a0\u00bb module_alignment=\u00a0\u00bbcenter\u00a0\u00bb header_2_text_shadow_style=\u00a0\u00bbpreset1&Prime; header_2_text_shadow_horizontal_length=\u00a0\u00bb2px\u00a0\u00bb header_2_text_shadow_vertical_length=\u00a0\u00bb2px\u00a0\u00bb global_colors_info=\u00a0\u00bb{%22gcid-66741a43-8afb-4c44-a8dd-ad3ad2082280%22:%91%22header_2_text_color%22%93}\u00a0\u00bb]<\/p>\n<h2>H\u00f4tels Officiels<\/h2>\n<p>Vivez l&rsquo;exp\u00e9rience Sport Card Expo Qu\u00e9bec en s\u00e9journant dans les h\u00f4tels officiels de l&rsquo;\u00e9v\u00e9nement !<br \/>Profitez d&rsquo;un emplacement pratique, d&rsquo;un transport facile et d&rsquo;un s\u00e9jour confortable.<\/p>\n<p>[\/et_pb_text][\/et_pb_column][\/et_pb_row][et_pb_row disabled_on=\u00a0\u00bbon|on|off\u00a0\u00bb _builder_version=\u00a0\u00bb4.27.4&Prime; _module_preset=\u00a0\u00bbdefault\u00a0\u00bb positioning=\u00a0\u00bbabsolute\u00a0\u00bb position_origin_a=\u00a0\u00bbtop_right\u00a0\u00bb vertical_offset=\u00a0\u00bb32px\u00a0\u00bb z_index=\u00a0\u00bb1&Prime; horizontal_offset_tablet=\u00a0\u00bb-100px\u00a0\u00bb horizontal_offset_phone=\u00a0\u00bb-100px\u00a0\u00bb horizontal_offset_last_edited=\u00a0\u00bbon|phone\u00a0\u00bb position_origin_a_tablet=\u00a0\u00bbtop_right\u00a0\u00bb position_origin_a_phone=\u00a0\u00bbtop_right\u00a0\u00bb position_origin_a_last_edited=\u00a0\u00bbon|phone\u00a0\u00bb position_origin_f_tablet=\u00a0\u00bb\u00a0\u00bb position_origin_f_phone=\u00a0\u00bb\u00a0\u00bb position_origin_f_last_edited=\u00a0\u00bbon|phone\u00a0\u00bb position_origin_r_tablet=\u00a0\u00bb\u00a0\u00bb position_origin_r_phone=\u00a0\u00bb\u00a0\u00bb position_origin_r_last_edited=\u00a0\u00bbon|phone\u00a0\u00bb positioning_tablet=\u00a0\u00bbabsolute\u00a0\u00bb positioning_phone=\u00a0\u00bbabsolute\u00a0\u00bb positioning_last_edited=\u00a0\u00bbon|phone\u00a0\u00bb global_module=\u00a0\u00bb5767&Prime; saved_tabs=\u00a0\u00bball\u00a0\u00bb global_colors_info=\u00a0\u00bb{}\u00a0\u00bb][et_pb_column type=\u00a0\u00bb4_4&Prime; _builder_version=\u00a0\u00bb4.27.4&Prime; _module_preset=\u00a0\u00bbdefault\u00a0\u00bb global_colors_info=\u00a0\u00bb{}\u00a0\u00bb][et_pb_image src=\u00a0\u00bbhttps:\/\/sportcardexpomontreal.com\/wp-content\/uploads\/montreal-bar-right.png?_t=1737565923&Prime; title_text=\u00a0\u00bbmontreal-bar-right\u00a0\u00bb align=\u00a0\u00bbright\u00a0\u00bb _builder_version=\u00a0\u00bb4.27.4&Prime; _module_preset=\u00a0\u00bbdefault\u00a0\u00bb max_width_tablet=\u00a0\u00bb\u00a0\u00bb max_width_phone=\u00a0\u00bb\u00a0\u00bb max_width_last_edited=\u00a0\u00bbon|phone\u00a0\u00bb module_alignment=\u00a0\u00bbright\u00a0\u00bb global_colors_info=\u00a0\u00bb{}\u00a0\u00bb][\/et_pb_image][\/et_pb_column][\/et_pb_row][\/et_pb_section][et_pb_section fb_built=\u00a0\u00bb1&Prime; disabled_on=\u00a0\u00bboff|off|off\u00a0\u00bb _builder_version=\u00a0\u00bb4.23.1&Prime; _module_preset=\u00a0\u00bbdefault\u00a0\u00bb global_colors_info=\u00a0\u00bb{}\u00a0\u00bb][et_pb_row disabled_on=\u00a0\u00bbon|on|on\u00a0\u00bb _builder_version=\u00a0\u00bb4.27.5&Prime; _module_preset=\u00a0\u00bbdefault\u00a0\u00bb disabled=\u00a0\u00bbon\u00a0\u00bb global_colors_info=\u00a0\u00bb{}\u00a0\u00bb][et_pb_column type=\u00a0\u00bb4_4&Prime; _builder_version=\u00a0\u00bb4.27.5&Prime; _module_preset=\u00a0\u00bbdefault\u00a0\u00bb global_colors_info=\u00a0\u00bb{}\u00a0\u00bb][et_pb_text _builder_version=\u00a0\u00bb4.27.5&Prime; _module_preset=\u00a0\u00bbdefault\u00a0\u00bb header_2_text_align=\u00a0\u00bbcenter\u00a0\u00bb global_colors_info=\u00a0\u00bb{}\u00a0\u00bb]<\/p>\n<h2>\u00e0 venir<\/h2>\n<p>[\/et_pb_text][\/et_pb_column][\/et_pb_row][et_pb_row column_structure=\u00a0\u00bb1_2,1_2&Prime; use_custom_gutter=\u00a0\u00bbon\u00a0\u00bb make_equal=\u00a0\u00bbon\u00a0\u00bb disabled_on=\u00a0\u00bboff|off|off\u00a0\u00bb module_class=\u00a0\u00bbhotels-row\u00a0\u00bb _builder_version=\u00a0\u00bb4.27.6&Prime; _module_preset=\u00a0\u00bbdefault\u00a0\u00bb custom_css_free_form=\u00a0\u00bb.hotels-row ul{||  padding:0;||}\u00a0\u00bb global_colors_info=\u00a0\u00bb{}\u00a0\u00bb][et_pb_column type=\u00a0\u00bb1_2&Prime; _builder_version=\u00a0\u00bb4.23.1&Prime; _module_preset=\u00a0\u00bbdefault\u00a0\u00bb global_colors_info=\u00a0\u00bb{}\u00a0\u00bb][et_pb_image src=\u00a0\u00bbhttps:\/\/sportcardexpomontreal.com\/wp-content\/uploads\/best-western-laval-1.png?_t=1742230514&Prime; title_text=\u00a0\u00bbbest-western-laval (1)\u00a0\u00bb module_class=\u00a0\u00bbaspect-ratio-imgs\u00a0\u00bb _builder_version=\u00a0\u00bb4.27.4&Prime; _module_preset=\u00a0\u00bbdefault\u00a0\u00bb global_colors_info=\u00a0\u00bb{}\u00a0\u00bb][\/et_pb_image][et_pb_text _builder_version=\u00a0\u00bb4.27.4&Prime; _module_preset=\u00a0\u00bbb741f64f-a5a2-4140-a78b-3ed4d905847d\u00a0\u00bb global_colors_info=\u00a0\u00bb{}\u00a0\u00bb]<\/p>\n<h3>BEST WESTERN LAVAL-MONTR\u00c9AL<\/h3>\n<p>[\/et_pb_text][et_pb_text ul_type=\u00a0\u00bbnone\u00a0\u00bb ul_position=\u00a0\u00bbinside\u00a0\u00bb module_class=\u00a0\u00bbhotel-list\u00a0\u00bb _builder_version=\u00a0\u00bb4.27.6&Prime; _module_preset=\u00a0\u00bbdefault\u00a0\u00bb custom_padding=\u00a0\u00bb2px|||||\u00a0\u00bb custom_css_free_form=\u00a0\u00bb.hotel-list li{||  margin-bottom:8px;||}\u00a0\u00bb global_colors_info=\u00a0\u00bb{}\u00a0\u00bb]<\/p>\n<ul>\n<li>189$ soirs de semaine \/ 199$ fins de semaine<\/li>\n<li><span>T\u00e9l\u00e9phone :\u00a0<\/span><a href=\"tel: 450-681-9000\">(450) 681-9000<\/a><\/li>\n<li><span>3655 Desserte est des Laurentides<\/span><br \/><span>Laval, Quebec H7L 3H7<\/span><\/li>\n<\/ul>\n<p>[\/et_pb_text][et_pb_text ul_type=\u00a0\u00bbnone\u00a0\u00bb ul_position=\u00a0\u00bbinside\u00a0\u00bb disabled_on=\u00a0\u00bbon|on|on\u00a0\u00bb module_class=\u00a0\u00bbhotel-list\u00a0\u00bb _builder_version=\u00a0\u00bb4.27.4&Prime; _module_preset=\u00a0\u00bbdefault\u00a0\u00bb custom_padding=\u00a0\u00bb2px|||||\u00a0\u00bb custom_css_free_form=\u00a0\u00bb.hotel-list li{||  margin-bottom:8px;||}\u00a0\u00bb disabled=\u00a0\u00bbon\u00a0\u00bb global_colors_info=\u00a0\u00bb{}\u00a0\u00bb]<\/p>\n<ul>\n<li>179 $ la nuit (en semaine)<br \/>199 $ la nuit (vendredi, samedi)<\/li>\n<li>2 lits Queen<\/li>\n<li><span>T\u00e9l\u00e9phone :\u00a0<\/span><a href=\"tel: 450-681-9000\">(450) 681-9000<\/a><\/li>\n<li><span>3655 Autoroute Des Laurentides<\/span><br \/><span>Laval, Quebec H7L 3H7<\/span><\/li>\n<\/ul>\n<p>[\/et_pb_text][et_pb_button button_url=\u00a0\u00bbhttps:\/\/www.bestwestern.com\/en_US\/book\/hotel-rooms.67026.html?groupId=U74HR7A9&Prime; url_new_window=\u00a0\u00bbon\u00a0\u00bb button_text=\u00a0\u00bbR\u00c9SERVER UN H\u00d4TEL\u00a0\u00bb _builder_version=\u00a0\u00bb4.27.6&Prime; _module_preset=\u00a0\u00bb12297cdb-59bd-4327-a284-0c99b2288a80&Prime; global_colors_info=\u00a0\u00bb{}\u00a0\u00bb][\/et_pb_button][et_pb_text disabled_on=\u00a0\u00bbon|on|on\u00a0\u00bb _builder_version=\u00a0\u00bb4.27.4&Prime; _module_preset=\u00a0\u00bbdefault\u00a0\u00bb disabled=\u00a0\u00bbon\u00a0\u00bb global_colors_info=\u00a0\u00bb{}\u00a0\u00bb]<\/p>\n<p><span>Date limite : 2 septembre<\/span><\/p>\n<p>[\/et_pb_text][\/et_pb_column][et_pb_column type=\u00a0\u00bb1_2&Prime; disabled_on=\u00a0\u00bboff|off|off\u00a0\u00bb _builder_version=\u00a0\u00bb4.27.6&Prime; _module_preset=\u00a0\u00bbdefault\u00a0\u00bb global_colors_info=\u00a0\u00bb{}\u00a0\u00bb][et_pb_image src=\u00a0\u00bbhttps:\/\/sportcardexpomontreal.com\/wp-content\/uploads\/holiday-inn-laval-montreal.png?_t=1773097150&Prime; title_text=\u00a0\u00bbholiday-inn-laval-montreal\u00a0\u00bb module_class=\u00a0\u00bbaspect-ratio-imgs\u00a0\u00bb _builder_version=\u00a0\u00bb4.27.6&Prime; _module_preset=\u00a0\u00bbdefault\u00a0\u00bb global_colors_info=\u00a0\u00bb{}\u00a0\u00bb][\/et_pb_image][et_pb_text _builder_version=\u00a0\u00bb4.27.6&Prime; _module_preset=\u00a0\u00bbb741f64f-a5a2-4140-a78b-3ed4d905847d\u00a0\u00bb global_colors_info=\u00a0\u00bb{}\u00a0\u00bb]<\/p>\n<h3>Holiday Inn Laval Montr\u00e9al<\/h3>\n<p>[\/et_pb_text][et_pb_text ul_type=\u00a0\u00bbnone\u00a0\u00bb ul_position=\u00a0\u00bbinside\u00a0\u00bb module_class=\u00a0\u00bbhotel-list\u00a0\u00bb _builder_version=\u00a0\u00bb4.27.6&Prime; _module_preset=\u00a0\u00bbdefault\u00a0\u00bb custom_css_free_form=\u00a0\u00bb.hotel-list li{||  margin-bottom:8px;||}\u00a0\u00bb global_colors_info=\u00a0\u00bb{}\u00a0\u00bb]<\/p>\n<ul>\n<li>189$ par nuit\u00e9e<\/li>\n<li>T\u00e9l\u00e9phone: <a href=\"tel:450-682-9000\">(450) 682-9000<\/a><\/li>\n<li>2900 Boul. le Carrefour<br \/>Laval, QC H7T 2K9<\/li>\n<\/ul>\n<div style=\"padding: 20px 0 10px;\">R\u00e9server avec l&rsquo;une des m\u00e9thodes suivantes en utilisant le code SCE :<\/div>\n<ul>\n<li><a href=\"tel:1-888-333-3140\">1-888-333-3140<\/a> (Canada et \u00c9tats-Unis)<\/li>\n<li><a href=\"tel:450-682-9000\">450-682-9000<\/a>, extension 0<\/li>\n<li><a href=\"mailto:Iv409.info@innvesthotels.com\" target=\"_blank\" rel=\"noopener\">Iv409.info@innvesthotels.com<\/a><\/li>\n<\/ul>\n<p>[\/et_pb_text][et_pb_button button_url=\u00a0\u00bbhttps:\/\/www.bestwestern.com\/en_US\/book\/hotel-rooms.67026.html?groupId=U74HR7A9&Prime; url_new_window=\u00a0\u00bbon\u00a0\u00bb button_text=\u00a0\u00bbR\u00c9SERVER UN H\u00d4TEL\u00a0\u00bb disabled_on=\u00a0\u00bbon|on|on\u00a0\u00bb _builder_version=\u00a0\u00bb4.27.6&Prime; _module_preset=\u00a0\u00bb12297cdb-59bd-4327-a284-0c99b2288a80&Prime; disabled=\u00a0\u00bbon\u00a0\u00bb locked=\u00a0\u00bboff\u00a0\u00bb global_colors_info=\u00a0\u00bb{}\u00a0\u00bb][\/et_pb_button][\/et_pb_column][\/et_pb_row][\/et_pb_section]<\/p>\n","protected":false},"excerpt":{"rendered":"<p>H\u00f4tels Officiels Vivez l&rsquo;exp\u00e9rience Sport Card Expo Qu\u00e9bec en s\u00e9journant dans les h\u00f4tels officiels de l&rsquo;\u00e9v\u00e9nement !Profitez d&rsquo;un emplacement pratique, d&rsquo;un transport facile et d&rsquo;un s\u00e9jour confortable.\u00e0 venirBEST WESTERN LAVAL-MONTR\u00c9AL 189$ soirs de semaine \/ 199$ fins de semaine T\u00e9l\u00e9phone :\u00a0(450) 681-9000 3655 Desserte est des LaurentidesLaval, Quebec H7L 3H7 179 $ la nuit (en [&hellip;]<\/p>\n","protected":false},"author":2,"featured_media":0,"parent":0,"menu_order":9,"comment_status":"closed","ping_status":"closed","template":"","meta":{"_acf_changed":false,"_et_pb_use_builder":"on","_et_pb_old_content":"","_et_gb_content_width":"","inline_featured_image":false,"footnotes":""},"class_list":["post-3078","page","type-page","status-publish","hentry"],"acf":[],"yoast_head":"<!-- This site is optimized with the Yoast SEO plugin v27.4 - https:\/\/yoast.com\/product\/yoast-seo-wordpress\/ -->\n<title>H\u00d4TELS - EXPO CARTES SPORTS MONTR\u00c9AL<\/title>\n<meta name=\"robots\" content=\"index, follow, max-snippet:-1, max-image-preview:large, max-video-preview:-1\" \/>\n<link rel=\"canonical\" href=\"https:\/\/sportcardexpomontreal.com\/fr\/hotels\/\" \/>\n<meta property=\"og:locale\" content=\"fr_CA\" \/>\n<meta property=\"og:type\" content=\"article\" \/>\n<meta property=\"og:title\" content=\"H\u00d4TELS - EXPO CARTES SPORTS MONTR\u00c9AL\" \/>\n<meta property=\"og:description\" content=\"H\u00f4tels Officiels Vivez l&#039;exp\u00e9rience Sport Card Expo Qu\u00e9bec en s\u00e9journant dans les h\u00f4tels officiels de l&#039;\u00e9v\u00e9nement !Profitez d&#039;un emplacement pratique, d&#039;un transport facile et d&#039;un s\u00e9jour confortable.\u00e0 venirBEST WESTERN LAVAL-MONTR\u00c9AL 189$ soirs de semaine \/ 199$ fins de semaine T\u00e9l\u00e9phone :\u00a0(450) 681-9000 3655 Desserte est des LaurentidesLaval, Quebec H7L 3H7 179 $ la nuit (en [&hellip;]\" \/>\n<meta property=\"og:url\" content=\"https:\/\/sportcardexpomontreal.com\/fr\/hotels\/\" \/>\n<meta property=\"og:site_name\" content=\"EXPO CARTES SPORTS MONTR\u00c9AL\" \/>\n<meta property=\"article:publisher\" content=\"https:\/\/www.facebook.com\/sportcardexpo\/\" \/>\n<meta property=\"article:modified_time\" content=\"2026-03-21T17:09:24+00:00\" \/>\n<meta name=\"twitter:card\" content=\"summary_large_image\" \/>\n<meta name=\"twitter:site\" content=\"@sportcardexpo\" \/>\n<meta name=\"twitter:label1\" content=\"Estimation du temps de lecture\" \/>\n\t<meta name=\"twitter:data1\" content=\"1 minute\" \/>\n<script type=\"application\/ld+json\" class=\"yoast-schema-graph\">{\"@context\":\"https:\\\/\\\/schema.org\",\"@graph\":[{\"@type\":\"WebPage\",\"@id\":\"https:\\\/\\\/sportcardexpomontreal.com\\\/hotels\\\/\",\"url\":\"https:\\\/\\\/sportcardexpomontreal.com\\\/hotels\\\/\",\"name\":\"H\u00d4TELS - EXPO CARTES SPORTS MONTR\u00c9AL\",\"isPartOf\":{\"@id\":\"https:\\\/\\\/sportcardexpomontreal.com\\\/#website\"},\"datePublished\":\"2023-12-20T21:43:26+00:00\",\"dateModified\":\"2026-03-21T17:09:24+00:00\",\"breadcrumb\":{\"@id\":\"https:\\\/\\\/sportcardexpomontreal.com\\\/hotels\\\/#breadcrumb\"},\"inLanguage\":\"fr-CA\",\"potentialAction\":[{\"@type\":\"ReadAction\",\"target\":[\"https:\\\/\\\/sportcardexpomontreal.com\\\/hotels\\\/\"]}]},{\"@type\":\"BreadcrumbList\",\"@id\":\"https:\\\/\\\/sportcardexpomontreal.com\\\/hotels\\\/#breadcrumb\",\"itemListElement\":[{\"@type\":\"ListItem\",\"position\":1,\"name\":\"Home\",\"item\":\"https:\\\/\\\/sportcardexpomontreal.com\\\/fr\\\/\"},{\"@type\":\"ListItem\",\"position\":2,\"name\":\"H\u00d4TELS\"}]},{\"@type\":\"WebSite\",\"@id\":\"https:\\\/\\\/sportcardexpomontreal.com\\\/#website\",\"url\":\"https:\\\/\\\/sportcardexpomontreal.com\\\/\",\"name\":\"Expo Cartes Sports Quebec \\\/ Sport Card Expo Quebec\",\"description\":\"23-25 Mai, 2025\",\"publisher\":{\"@id\":\"https:\\\/\\\/sportcardexpomontreal.com\\\/#organization\"},\"potentialAction\":[{\"@type\":\"SearchAction\",\"target\":{\"@type\":\"EntryPoint\",\"urlTemplate\":\"https:\\\/\\\/sportcardexpomontreal.com\\\/?s={search_term_string}\"},\"query-input\":{\"@type\":\"PropertyValueSpecification\",\"valueRequired\":true,\"valueName\":\"search_term_string\"}}],\"inLanguage\":\"fr-CA\"},{\"@type\":\"Organization\",\"@id\":\"https:\\\/\\\/sportcardexpomontreal.com\\\/#organization\",\"name\":\"Sport Card & Memorabilia Expo\",\"url\":\"https:\\\/\\\/sportcardexpomontreal.com\\\/\",\"logo\":{\"@type\":\"ImageObject\",\"inLanguage\":\"fr-CA\",\"@id\":\"https:\\\/\\\/sportcardexpomontreal.com\\\/#\\\/schema\\\/logo\\\/image\\\/\",\"url\":\"https:\\\/\\\/sportcardexpomontreal.com\\\/wp-content\\\/uploads\\\/cropped-favicon-scmeq.png\",\"contentUrl\":\"https:\\\/\\\/sportcardexpomontreal.com\\\/wp-content\\\/uploads\\\/cropped-favicon-scmeq.png\",\"width\":512,\"height\":512,\"caption\":\"Sport Card & Memorabilia Expo\"},\"image\":{\"@id\":\"https:\\\/\\\/sportcardexpomontreal.com\\\/#\\\/schema\\\/logo\\\/image\\\/\"},\"sameAs\":[\"https:\\\/\\\/www.facebook.com\\\/sportcardexpo\\\/\",\"https:\\\/\\\/x.com\\\/sportcardexpo\",\"https:\\\/\\\/www.instagram.com\\\/sportcardexpo\\\/\",\"https:\\\/\\\/www.youtube.com\\\/channel\\\/UCiX9h9NGv6Yd2rVnbIN9qBA\\\/\"]}]}<\/script>\n<!-- \/ Yoast SEO plugin. -->","yoast_head_json":{"title":"H\u00d4TELS - EXPO CARTES SPORTS MONTR\u00c9AL","robots":{"index":"index","follow":"follow","max-snippet":"max-snippet:-1","max-image-preview":"max-image-preview:large","max-video-preview":"max-video-preview:-1"},"canonical":"https:\/\/sportcardexpomontreal.com\/fr\/hotels\/","og_locale":"fr_CA","og_type":"article","og_title":"H\u00d4TELS - EXPO CARTES SPORTS MONTR\u00c9AL","og_description":"H\u00f4tels Officiels Vivez l'exp\u00e9rience Sport Card Expo Qu\u00e9bec en s\u00e9journant dans les h\u00f4tels officiels de l'\u00e9v\u00e9nement !Profitez d'un emplacement pratique, d'un transport facile et d'un s\u00e9jour confortable.\u00e0 venirBEST WESTERN LAVAL-MONTR\u00c9AL 189$ soirs de semaine \/ 199$ fins de semaine T\u00e9l\u00e9phone :\u00a0(450) 681-9000 3655 Desserte est des LaurentidesLaval, Quebec H7L 3H7 179 $ la nuit (en [&hellip;]","og_url":"https:\/\/sportcardexpomontreal.com\/fr\/hotels\/","og_site_name":"EXPO CARTES SPORTS MONTR\u00c9AL","article_publisher":"https:\/\/www.facebook.com\/sportcardexpo\/","article_modified_time":"2026-03-21T17:09:24+00:00","twitter_card":"summary_large_image","twitter_site":"@sportcardexpo","twitter_misc":{"Estimation du temps de lecture":"1 minute"},"schema":{"@context":"https:\/\/schema.org","@graph":[{"@type":"WebPage","@id":"https:\/\/sportcardexpomontreal.com\/hotels\/","url":"https:\/\/sportcardexpomontreal.com\/hotels\/","name":"H\u00d4TELS - EXPO CARTES SPORTS MONTR\u00c9AL","isPartOf":{"@id":"https:\/\/sportcardexpomontreal.com\/#website"},"datePublished":"2023-12-20T21:43:26+00:00","dateModified":"2026-03-21T17:09:24+00:00","breadcrumb":{"@id":"https:\/\/sportcardexpomontreal.com\/hotels\/#breadcrumb"},"inLanguage":"fr-CA","potentialAction":[{"@type":"ReadAction","target":["https:\/\/sportcardexpomontreal.com\/hotels\/"]}]},{"@type":"BreadcrumbList","@id":"https:\/\/sportcardexpomontreal.com\/hotels\/#breadcrumb","itemListElement":[{"@type":"ListItem","position":1,"name":"Home","item":"https:\/\/sportcardexpomontreal.com\/fr\/"},{"@type":"ListItem","position":2,"name":"H\u00d4TELS"}]},{"@type":"WebSite","@id":"https:\/\/sportcardexpomontreal.com\/#website","url":"https:\/\/sportcardexpomontreal.com\/","name":"Expo Cartes Sports Quebec \/ Sport Card Expo Quebec","description":"23-25 Mai, 2025","publisher":{"@id":"https:\/\/sportcardexpomontreal.com\/#organization"},"potentialAction":[{"@type":"SearchAction","target":{"@type":"EntryPoint","urlTemplate":"https:\/\/sportcardexpomontreal.com\/?s={search_term_string}"},"query-input":{"@type":"PropertyValueSpecification","valueRequired":true,"valueName":"search_term_string"}}],"inLanguage":"fr-CA"},{"@type":"Organization","@id":"https:\/\/sportcardexpomontreal.com\/#organization","name":"Sport Card & Memorabilia Expo","url":"https:\/\/sportcardexpomontreal.com\/","logo":{"@type":"ImageObject","inLanguage":"fr-CA","@id":"https:\/\/sportcardexpomontreal.com\/#\/schema\/logo\/image\/","url":"https:\/\/sportcardexpomontreal.com\/wp-content\/uploads\/cropped-favicon-scmeq.png","contentUrl":"https:\/\/sportcardexpomontreal.com\/wp-content\/uploads\/cropped-favicon-scmeq.png","width":512,"height":512,"caption":"Sport Card & Memorabilia Expo"},"image":{"@id":"https:\/\/sportcardexpomontreal.com\/#\/schema\/logo\/image\/"},"sameAs":["https:\/\/www.facebook.com\/sportcardexpo\/","https:\/\/x.com\/sportcardexpo","https:\/\/www.instagram.com\/sportcardexpo\/","https:\/\/www.youtube.com\/channel\/UCiX9h9NGv6Yd2rVnbIN9qBA\/"]}]}},"_links":{"self":[{"href":"https:\/\/sportcardexpomontreal.com\/fr\/wp-json\/wp\/v2\/pages\/3078","targetHints":{"allow":["GET"]}}],"collection":[{"href":"https:\/\/sportcardexpomontreal.com\/fr\/wp-json\/wp\/v2\/pages"}],"about":[{"href":"https:\/\/sportcardexpomontreal.com\/fr\/wp-json\/wp\/v2\/types\/page"}],"author":[{"embeddable":true,"href":"https:\/\/sportcardexpomontreal.com\/fr\/wp-json\/wp\/v2\/users\/2"}],"replies":[{"embeddable":true,"href":"https:\/\/sportcardexpomontreal.com\/fr\/wp-json\/wp\/v2\/comments?post=3078"}],"version-history":[{"count":41,"href":"https:\/\/sportcardexpomontreal.com\/fr\/wp-json\/wp\/v2\/pages\/3078\/revisions"}],"predecessor-version":[{"id":7728,"href":"https:\/\/sportcardexpomontreal.com\/fr\/wp-json\/wp\/v2\/pages\/3078\/revisions\/7728"}],"wp:attachment":[{"href":"https:\/\/sportcardexpomontreal.com\/fr\/wp-json\/wp\/v2\/media?parent=3078"}],"curies":[{"name":"wp","href":"https:\/\/api.w.org\/{rel}","templated":true}]}}