{"id":7483,"date":"2025-09-29T17:57:13","date_gmt":"2025-09-29T21:57:13","guid":{"rendered":"https:\/\/sportcardexpomontreal.com\/?page_id=7483"},"modified":"2025-09-29T17:58:36","modified_gmt":"2025-09-29T21:58:36","slug":"trade-night","status":"publish","type":"page","link":"https:\/\/sportcardexpomontreal.com\/fr\/trade-night\/","title":{"rendered":"Trade Night"},"content":{"rendered":"<p>[et_pb_section fb_built=\u00a0\u00bb1&Prime; theme_builder_area=\u00a0\u00bbpost_content\u00a0\u00bb _builder_version=\u00a0\u00bb4.27.4&Prime; _module_preset=\u00a0\u00bbdefault\u00a0\u00bb][et_pb_row _builder_version=\u00a0\u00bb4.27.4&Prime; _module_preset=\u00a0\u00bbdefault\u00a0\u00bb theme_builder_area=\u00a0\u00bbpost_content\u00a0\u00bb][et_pb_column _builder_version=\u00a0\u00bb4.27.4&Prime; _module_preset=\u00a0\u00bbdefault\u00a0\u00bb type=\u00a0\u00bb4_4&Prime; theme_builder_area=\u00a0\u00bbpost_content\u00a0\u00bb][et_pb_text _builder_version=\u00a0\u00bb4.27.4&Prime; _module_preset=\u00a0\u00bbdefault\u00a0\u00bb theme_builder_area=\u00a0\u00bbpost_content\u00a0\u00bb hover_enabled=\u00a0\u00bb0&Prime; sticky_enabled=\u00a0\u00bb0&Prime;]<\/p>\n<div class=\"xdj266r x14z9mp xat24cr x1lziwak x1vvkbs x126k92a\">\n<div dir=\"auto\"><span class=\"html-span xexx8yu xyri2b x18d9i69 x1c1uobl x1hl2dhg x16tdsg8 x1vvkbs x3nfvp2 x1j61x8r x1fcty0u xdj266r xat24cr xm2jcoa x1mpyi22 xxymvpz xlup9mm x1kky2od\"><img loading=\"lazy\" decoding=\"async\" class=\"xz74otr x15mokao x1ga7v0g x16uus16 xbiv7yw\" src=\"https:\/\/static.xx.fbcdn.net\/images\/emoji.php\/v9\/t2b\/2\/16\/1f389.png\" alt=\"\ud83c\udf89\" width=\"16\" height=\"16\" \/><\/span> Trade Night \u2013 Show de Cartes : Votre Podcast! <span class=\"html-span xexx8yu xyri2b x18d9i69 x1c1uobl x1hl2dhg x16tdsg8 x1vvkbs x3nfvp2 x1j61x8r x1fcty0u xdj266r xat24cr xm2jcoa x1mpyi22 xxymvpz xlup9mm x1kky2od\"><img loading=\"lazy\" decoding=\"async\" class=\"xz74otr x15mokao x1ga7v0g x16uus16 xbiv7yw\" src=\"https:\/\/static.xx.fbcdn.net\/images\/emoji.php\/v9\/t2b\/2\/16\/1f389.png\" alt=\"\ud83c\udf89\" width=\"16\" height=\"16\" \/><\/span><\/div>\n<\/div>\n<div class=\"x14z9mp xat24cr x1lziwak x1vvkbs xtlvy1s x126k92a\">\n<div dir=\"auto\">Pr\u00e9parez vos classeurs, sortez vos top loaders et polissez vos one-touch\u2026 c\u2019est le temps d\u2019\u00e9changer!<\/div>\n<\/div>\n<div class=\"x14z9mp xat24cr x1lziwak x1vvkbs xtlvy1s x126k92a\">\n<div dir=\"auto\"><span class=\"html-span xexx8yu xyri2b x18d9i69 x1c1uobl x1hl2dhg x16tdsg8 x1vvkbs x3nfvp2 x1j61x8r x1fcty0u xdj266r xat24cr xm2jcoa x1mpyi22 xxymvpz xlup9mm x1kky2od\"><img loading=\"lazy\" decoding=\"async\" class=\"xz74otr x15mokao x1ga7v0g x16uus16 xbiv7yw\" src=\"https:\/\/static.xx.fbcdn.net\/images\/emoji.php\/v9\/tcc\/2\/16\/1f4cd.png\" alt=\"\ud83d\udccd\" width=\"16\" height=\"16\" \/><\/span> O\u00f9 : Expo cartes sports de Montr\u00e9al \u2013 Complexe multi-sports de Laval<\/div>\n<div dir=\"auto\"><span class=\"html-span xexx8yu xyri2b x18d9i69 x1c1uobl x1hl2dhg x16tdsg8 x1vvkbs x3nfvp2 x1j61x8r x1fcty0u xdj266r xat24cr xm2jcoa x1mpyi22 xxymvpz xlup9mm x1kky2od\"><img loading=\"lazy\" decoding=\"async\" class=\"xz74otr x15mokao x1ga7v0g x16uus16 xbiv7yw\" src=\"https:\/\/static.xx.fbcdn.net\/images\/emoji.php\/v9\/t1d\/2\/16\/1f4c5.png\" alt=\"\ud83d\udcc5\" width=\"16\" height=\"16\" \/><\/span> Quand : Samedi 4 octobre 2025<\/div>\n<div dir=\"auto\"><span class=\"html-span xexx8yu xyri2b x18d9i69 x1c1uobl x1hl2dhg x16tdsg8 x1vvkbs x3nfvp2 x1j61x8r x1fcty0u xdj266r xat24cr xm2jcoa x1mpyi22 xxymvpz xlup9mm x1kky2od\"><img loading=\"lazy\" decoding=\"async\" class=\"xz74otr x15mokao x1ga7v0g x16uus16 xbiv7yw\" src=\"https:\/\/static.xx.fbcdn.net\/images\/emoji.php\/v9\/t4b\/2\/16\/1f554.png\" alt=\"\ud83d\udd54\" width=\"16\" height=\"16\" \/><\/span> Heure : 17h00 \u00e0 20h00<\/div>\n<div dir=\"auto\"><span class=\"html-span xexx8yu xyri2b x18d9i69 x1c1uobl x1hl2dhg x16tdsg8 x1vvkbs x3nfvp2 x1j61x8r x1fcty0u xdj266r xat24cr xm2jcoa x1mpyi22 xxymvpz xlup9mm x1kky2od\"><img loading=\"lazy\" decoding=\"async\" class=\"xz74otr x15mokao x1ga7v0g x16uus16 xbiv7yw\" src=\"https:\/\/static.xx.fbcdn.net\/images\/emoji.php\/v9\/tfb\/2\/16\/1f4b2.png\" alt=\"\ud83d\udcb2\" width=\"16\" height=\"16\" \/><\/span> Co\u00fbt d\u2019entr\u00e9e : 5$ (Gratuit pour les exposants)<\/div>\n<\/div>\n<div class=\"x14z9mp xat24cr x1lziwak x1vvkbs xtlvy1s x126k92a\">\n<div dir=\"auto\">Que vous soyez chasseur de recrues, collectionneur vintage ou fan de Pok\u00e9mon, c\u2019est LE rendez-vous pour faire des trades, rencontrer d\u2019autres passionn\u00e9s et peut-\u00eatre compl\u00e9ter ce set qui vous manque depuis 1999!<\/div>\n<\/div>\n<div class=\"x14z9mp xat24cr x1lziwak x1vvkbs xtlvy1s x126k92a\">\n<div dir=\"auto\">Amenez vos cartes, vos anecdotes et votre bonne humeur \u2013 et pr\u00e9parez-vous \u00e0 une soir\u00e9e m\u00e9morable sous le signe du hobby!<\/div>\n<\/div>\n<div class=\"x14z9mp xat24cr x1lziwak x1vvkbs xtlvy1s x126k92a\">\n<div dir=\"auto\">Plusieurs prix \u00e0 donner durant la soir\u00e9e!<\/div>\n<\/div>\n<p>[\/et_pb_text][\/et_pb_column][\/et_pb_row][et_pb_row _builder_version=\u00a0\u00bb4.27.4&Prime; _module_preset=\u00a0\u00bbdefault\u00a0\u00bb theme_builder_area=\u00a0\u00bbpost_content\u00a0\u00bb][et_pb_column _builder_version=\u00a0\u00bb4.27.4&Prime; _module_preset=\u00a0\u00bbdefault\u00a0\u00bb type=\u00a0\u00bb4_4&Prime; theme_builder_area=\u00a0\u00bbpost_content\u00a0\u00bb][et_pb_image _builder_version=\u00a0\u00bb4.27.4&Prime; _module_preset=\u00a0\u00bbdefault\u00a0\u00bb theme_builder_area=\u00a0\u00bbpost_content\u00a0\u00bb title_text=\u00a0\u00bbtrade-night\u00a0\u00bb src=\u00a0\u00bbhttps:\/\/sportcardexpomontreal.com\/wp-content\/uploads\/trade-night.jpg?_t=1759183098&Prime; hover_enabled=\u00a0\u00bb0&Prime; sticky_enabled=\u00a0\u00bb0&Prime;][\/et_pb_image][\/et_pb_column][\/et_pb_row][\/et_pb_section]<\/p>\n","protected":false},"excerpt":{"rendered":"<p>Trade Night \u2013 Show de Cartes : Votre Podcast! Pr\u00e9parez vos classeurs, sortez vos top loaders et polissez vos one-touch\u2026 c\u2019est le temps d\u2019\u00e9changer! O\u00f9 : Expo cartes sports de Montr\u00e9al \u2013 Complexe multi-sports de Laval Quand : Samedi 4 octobre 2025 Heure : 17h00 \u00e0 20h00 Co\u00fbt d\u2019entr\u00e9e : 5$ (Gratuit pour les exposants) [&hellip;]<\/p>\n","protected":false},"author":3,"featured_media":0,"parent":0,"menu_order":7,"comment_status":"closed","ping_status":"closed","template":"","meta":{"_acf_changed":false,"_et_pb_use_builder":"on","_et_pb_old_content":"","_et_gb_content_width":"","inline_featured_image":false,"footnotes":""},"class_list":["post-7483","page","type-page","status-publish","hentry"],"acf":[],"yoast_head":"<!-- This site is optimized with the Yoast SEO plugin v27.3 - https:\/\/yoast.com\/product\/yoast-seo-wordpress\/ -->\n<title>Trade Night - EXPO CARTES SPORTS MONTR\u00c9AL<\/title>\n<meta name=\"robots\" content=\"index, follow, max-snippet:-1, max-image-preview:large, max-video-preview:-1\" \/>\n<link rel=\"canonical\" href=\"https:\/\/sportcardexpomontreal.com\/fr\/trade-night\/\" \/>\n<meta property=\"og:locale\" content=\"fr_CA\" \/>\n<meta property=\"og:type\" content=\"article\" \/>\n<meta property=\"og:title\" content=\"Trade Night - EXPO CARTES SPORTS MONTR\u00c9AL\" \/>\n<meta property=\"og:description\" content=\"Trade Night \u2013 Show de Cartes : Votre Podcast! Pr\u00e9parez vos classeurs, sortez vos top loaders et polissez vos one-touch\u2026 c\u2019est le temps d\u2019\u00e9changer! O\u00f9 : Expo cartes sports de Montr\u00e9al \u2013 Complexe multi-sports de Laval Quand : Samedi 4 octobre 2025 Heure : 17h00 \u00e0 20h00 Co\u00fbt d\u2019entr\u00e9e : 5$ (Gratuit pour les exposants) [&hellip;]\" \/>\n<meta property=\"og:url\" content=\"https:\/\/sportcardexpomontreal.com\/fr\/trade-night\/\" \/>\n<meta property=\"og:site_name\" content=\"EXPO CARTES SPORTS MONTR\u00c9AL\" \/>\n<meta property=\"article:publisher\" content=\"https:\/\/www.facebook.com\/sportcardexpo\/\" \/>\n<meta property=\"article:modified_time\" content=\"2025-09-29T21:58:36+00:00\" \/>\n<meta property=\"og:image\" content=\"https:\/\/static.xx.fbcdn.net\/images\/emoji.php\/v9\/t2b\/2\/16\/1f389.png\" \/>\n<meta name=\"twitter:card\" content=\"summary_large_image\" \/>\n<meta name=\"twitter:site\" content=\"@sportcardexpo\" \/>\n<meta name=\"twitter:label1\" content=\"Estimation du temps de lecture\" \/>\n\t<meta name=\"twitter:data1\" content=\"2 minutes\" \/>\n<script type=\"application\/ld+json\" class=\"yoast-schema-graph\">{\"@context\":\"https:\\\/\\\/schema.org\",\"@graph\":[{\"@type\":\"WebPage\",\"@id\":\"https:\\\/\\\/sportcardexpomontreal.com\\\/trade-night\\\/\",\"url\":\"https:\\\/\\\/sportcardexpomontreal.com\\\/trade-night\\\/\",\"name\":\"Trade Night - EXPO CARTES SPORTS MONTR\u00c9AL\",\"isPartOf\":{\"@id\":\"https:\\\/\\\/sportcardexpomontreal.com\\\/#website\"},\"primaryImageOfPage\":{\"@id\":\"https:\\\/\\\/sportcardexpomontreal.com\\\/trade-night\\\/#primaryimage\"},\"image\":{\"@id\":\"https:\\\/\\\/sportcardexpomontreal.com\\\/trade-night\\\/#primaryimage\"},\"thumbnailUrl\":\"https:\\\/\\\/static.xx.fbcdn.net\\\/images\\\/emoji.php\\\/v9\\\/t2b\\\/2\\\/16\\\/1f389.png\",\"datePublished\":\"2025-09-29T21:57:13+00:00\",\"dateModified\":\"2025-09-29T21:58:36+00:00\",\"breadcrumb\":{\"@id\":\"https:\\\/\\\/sportcardexpomontreal.com\\\/trade-night\\\/#breadcrumb\"},\"inLanguage\":\"fr-CA\",\"potentialAction\":[{\"@type\":\"ReadAction\",\"target\":[\"https:\\\/\\\/sportcardexpomontreal.com\\\/trade-night\\\/\"]}]},{\"@type\":\"ImageObject\",\"inLanguage\":\"fr-CA\",\"@id\":\"https:\\\/\\\/sportcardexpomontreal.com\\\/trade-night\\\/#primaryimage\",\"url\":\"https:\\\/\\\/static.xx.fbcdn.net\\\/images\\\/emoji.php\\\/v9\\\/t2b\\\/2\\\/16\\\/1f389.png\",\"contentUrl\":\"https:\\\/\\\/static.xx.fbcdn.net\\\/images\\\/emoji.php\\\/v9\\\/t2b\\\/2\\\/16\\\/1f389.png\"},{\"@type\":\"BreadcrumbList\",\"@id\":\"https:\\\/\\\/sportcardexpomontreal.com\\\/trade-night\\\/#breadcrumb\",\"itemListElement\":[{\"@type\":\"ListItem\",\"position\":1,\"name\":\"Home\",\"item\":\"https:\\\/\\\/sportcardexpomontreal.com\\\/\"},{\"@type\":\"ListItem\",\"position\":2,\"name\":\"Trade Night\"}]},{\"@type\":\"WebSite\",\"@id\":\"https:\\\/\\\/sportcardexpomontreal.com\\\/#website\",\"url\":\"https:\\\/\\\/sportcardexpomontreal.com\\\/\",\"name\":\"Expo Cartes Sports Quebec \\\/ Sport Card Expo Quebec\",\"description\":\"23-25 Mai, 2025\",\"publisher\":{\"@id\":\"https:\\\/\\\/sportcardexpomontreal.com\\\/#organization\"},\"potentialAction\":[{\"@type\":\"SearchAction\",\"target\":{\"@type\":\"EntryPoint\",\"urlTemplate\":\"https:\\\/\\\/sportcardexpomontreal.com\\\/?s={search_term_string}\"},\"query-input\":{\"@type\":\"PropertyValueSpecification\",\"valueRequired\":true,\"valueName\":\"search_term_string\"}}],\"inLanguage\":\"fr-CA\"},{\"@type\":\"Organization\",\"@id\":\"https:\\\/\\\/sportcardexpomontreal.com\\\/#organization\",\"name\":\"Sport Card & Memorabilia Expo\",\"url\":\"https:\\\/\\\/sportcardexpomontreal.com\\\/\",\"logo\":{\"@type\":\"ImageObject\",\"inLanguage\":\"fr-CA\",\"@id\":\"https:\\\/\\\/sportcardexpomontreal.com\\\/#\\\/schema\\\/logo\\\/image\\\/\",\"url\":\"https:\\\/\\\/sportcardexpomontreal.com\\\/wp-content\\\/uploads\\\/cropped-favicon-scmeq.png\",\"contentUrl\":\"https:\\\/\\\/sportcardexpomontreal.com\\\/wp-content\\\/uploads\\\/cropped-favicon-scmeq.png\",\"width\":512,\"height\":512,\"caption\":\"Sport Card & Memorabilia Expo\"},\"image\":{\"@id\":\"https:\\\/\\\/sportcardexpomontreal.com\\\/#\\\/schema\\\/logo\\\/image\\\/\"},\"sameAs\":[\"https:\\\/\\\/www.facebook.com\\\/sportcardexpo\\\/\",\"https:\\\/\\\/x.com\\\/sportcardexpo\",\"https:\\\/\\\/www.instagram.com\\\/sportcardexpo\\\/\",\"https:\\\/\\\/www.youtube.com\\\/channel\\\/UCiX9h9NGv6Yd2rVnbIN9qBA\\\/\"]}]}<\/script>\n<!-- \/ Yoast SEO plugin. -->","yoast_head_json":{"title":"Trade Night - EXPO CARTES SPORTS MONTR\u00c9AL","robots":{"index":"index","follow":"follow","max-snippet":"max-snippet:-1","max-image-preview":"max-image-preview:large","max-video-preview":"max-video-preview:-1"},"canonical":"https:\/\/sportcardexpomontreal.com\/fr\/trade-night\/","og_locale":"fr_CA","og_type":"article","og_title":"Trade Night - EXPO CARTES SPORTS MONTR\u00c9AL","og_description":"Trade Night \u2013 Show de Cartes : Votre Podcast! Pr\u00e9parez vos classeurs, sortez vos top loaders et polissez vos one-touch\u2026 c\u2019est le temps d\u2019\u00e9changer! O\u00f9 : Expo cartes sports de Montr\u00e9al \u2013 Complexe multi-sports de Laval Quand : Samedi 4 octobre 2025 Heure : 17h00 \u00e0 20h00 Co\u00fbt d\u2019entr\u00e9e : 5$ (Gratuit pour les exposants) [&hellip;]","og_url":"https:\/\/sportcardexpomontreal.com\/fr\/trade-night\/","og_site_name":"EXPO CARTES SPORTS MONTR\u00c9AL","article_publisher":"https:\/\/www.facebook.com\/sportcardexpo\/","article_modified_time":"2025-09-29T21:58:36+00:00","og_image":[{"url":"https:\/\/static.xx.fbcdn.net\/images\/emoji.php\/v9\/t2b\/2\/16\/1f389.png","type":"","width":"","height":""}],"twitter_card":"summary_large_image","twitter_site":"@sportcardexpo","twitter_misc":{"Estimation du temps de lecture":"2 minutes"},"schema":{"@context":"https:\/\/schema.org","@graph":[{"@type":"WebPage","@id":"https:\/\/sportcardexpomontreal.com\/trade-night\/","url":"https:\/\/sportcardexpomontreal.com\/trade-night\/","name":"Trade Night - EXPO CARTES SPORTS MONTR\u00c9AL","isPartOf":{"@id":"https:\/\/sportcardexpomontreal.com\/#website"},"primaryImageOfPage":{"@id":"https:\/\/sportcardexpomontreal.com\/trade-night\/#primaryimage"},"image":{"@id":"https:\/\/sportcardexpomontreal.com\/trade-night\/#primaryimage"},"thumbnailUrl":"https:\/\/static.xx.fbcdn.net\/images\/emoji.php\/v9\/t2b\/2\/16\/1f389.png","datePublished":"2025-09-29T21:57:13+00:00","dateModified":"2025-09-29T21:58:36+00:00","breadcrumb":{"@id":"https:\/\/sportcardexpomontreal.com\/trade-night\/#breadcrumb"},"inLanguage":"fr-CA","potentialAction":[{"@type":"ReadAction","target":["https:\/\/sportcardexpomontreal.com\/trade-night\/"]}]},{"@type":"ImageObject","inLanguage":"fr-CA","@id":"https:\/\/sportcardexpomontreal.com\/trade-night\/#primaryimage","url":"https:\/\/static.xx.fbcdn.net\/images\/emoji.php\/v9\/t2b\/2\/16\/1f389.png","contentUrl":"https:\/\/static.xx.fbcdn.net\/images\/emoji.php\/v9\/t2b\/2\/16\/1f389.png"},{"@type":"BreadcrumbList","@id":"https:\/\/sportcardexpomontreal.com\/trade-night\/#breadcrumb","itemListElement":[{"@type":"ListItem","position":1,"name":"Home","item":"https:\/\/sportcardexpomontreal.com\/"},{"@type":"ListItem","position":2,"name":"Trade Night"}]},{"@type":"WebSite","@id":"https:\/\/sportcardexpomontreal.com\/#website","url":"https:\/\/sportcardexpomontreal.com\/","name":"Expo Cartes Sports Quebec \/ Sport Card Expo Quebec","description":"23-25 Mai, 2025","publisher":{"@id":"https:\/\/sportcardexpomontreal.com\/#organization"},"potentialAction":[{"@type":"SearchAction","target":{"@type":"EntryPoint","urlTemplate":"https:\/\/sportcardexpomontreal.com\/?s={search_term_string}"},"query-input":{"@type":"PropertyValueSpecification","valueRequired":true,"valueName":"search_term_string"}}],"inLanguage":"fr-CA"},{"@type":"Organization","@id":"https:\/\/sportcardexpomontreal.com\/#organization","name":"Sport Card & Memorabilia Expo","url":"https:\/\/sportcardexpomontreal.com\/","logo":{"@type":"ImageObject","inLanguage":"fr-CA","@id":"https:\/\/sportcardexpomontreal.com\/#\/schema\/logo\/image\/","url":"https:\/\/sportcardexpomontreal.com\/wp-content\/uploads\/cropped-favicon-scmeq.png","contentUrl":"https:\/\/sportcardexpomontreal.com\/wp-content\/uploads\/cropped-favicon-scmeq.png","width":512,"height":512,"caption":"Sport Card & Memorabilia Expo"},"image":{"@id":"https:\/\/sportcardexpomontreal.com\/#\/schema\/logo\/image\/"},"sameAs":["https:\/\/www.facebook.com\/sportcardexpo\/","https:\/\/x.com\/sportcardexpo","https:\/\/www.instagram.com\/sportcardexpo\/","https:\/\/www.youtube.com\/channel\/UCiX9h9NGv6Yd2rVnbIN9qBA\/"]}]}},"_links":{"self":[{"href":"https:\/\/sportcardexpomontreal.com\/fr\/wp-json\/wp\/v2\/pages\/7483","targetHints":{"allow":["GET"]}}],"collection":[{"href":"https:\/\/sportcardexpomontreal.com\/fr\/wp-json\/wp\/v2\/pages"}],"about":[{"href":"https:\/\/sportcardexpomontreal.com\/fr\/wp-json\/wp\/v2\/types\/page"}],"author":[{"embeddable":true,"href":"https:\/\/sportcardexpomontreal.com\/fr\/wp-json\/wp\/v2\/users\/3"}],"replies":[{"embeddable":true,"href":"https:\/\/sportcardexpomontreal.com\/fr\/wp-json\/wp\/v2\/comments?post=7483"}],"version-history":[{"count":2,"href":"https:\/\/sportcardexpomontreal.com\/fr\/wp-json\/wp\/v2\/pages\/7483\/revisions"}],"predecessor-version":[{"id":7487,"href":"https:\/\/sportcardexpomontreal.com\/fr\/wp-json\/wp\/v2\/pages\/7483\/revisions\/7487"}],"wp:attachment":[{"href":"https:\/\/sportcardexpomontreal.com\/fr\/wp-json\/wp\/v2\/media?parent=7483"}],"curies":[{"name":"wp","href":"https:\/\/api.w.org\/{rel}","templated":true}]}}